{"id":2,"date":"2026-01-25T11:28:31","date_gmt":"2026-01-25T10:28:31","guid":{"rendered":"http:\/\/ntelligent.de\/?page_id=2"},"modified":"2026-01-25T12:23:15","modified_gmt":"2026-01-25T11:23:15","slug":"ntelligent-ug","status":"publish","type":"page","link":"https:\/\/ntelligent.de\/","title":{"rendered":"ntelligent UG"},"content":{"rendered":"\n<p><\/p>\n\n\n\n<p>ntelligent UG (haftungsbeschr\u00e4nkt)<br>Kiefernweg 16<\/p>\n\n\n\n<p>36100 Petersberg<\/p>\n\n\n\n<p>Gesch\u00e4ftsf\u00fchrerin Vita Schuy<br>Amtsgericht Fulda, HRB 6820<br>USt-ID: DE305496092<\/p>\n\n\n\n<p>Tel: +49 661 251268-0<br>Fax: +49 661 251268-99<br>mail: info@ntelligent.de<\/p>\n\n\n\n<p><\/p>\n","protected":false},"excerpt":{"rendered":"<p>ntelligent UG (haftungsbeschr\u00e4nkt)Kiefernweg 16 36100 Petersberg Gesch\u00e4ftsf\u00fchrerin Vita SchuyAmtsgericht Fulda, HRB 6820USt-ID: DE305496092 Tel: +49 661 251268-0Fax: +49 661 251268-99mail: info@ntelligent.de<\/p>\n","protected":false},"author":1,"featured_media":0,"parent":0,"menu_order":0,"comment_status":"closed","ping_status":"closed","template":"","meta":{"footnotes":""},"class_list":["post-2","page","type-page","status-publish","hentry"],"blocksy_meta":[],"_links":{"self":[{"href":"https:\/\/ntelligent.de\/index.php?rest_route=\/wp\/v2\/pages\/2","targetHints":{"allow":["GET"]}}],"collection":[{"href":"https:\/\/ntelligent.de\/index.php?rest_route=\/wp\/v2\/pages"}],"about":[{"href":"https:\/\/ntelligent.de\/index.php?rest_route=\/wp\/v2\/types\/page"}],"author":[{"embeddable":true,"href":"https:\/\/ntelligent.de\/index.php?rest_route=\/wp\/v2\/users\/1"}],"replies":[{"embeddable":true,"href":"https:\/\/ntelligent.de\/index.php?rest_route=%2Fwp%2Fv2%2Fcomments&post=2"}],"version-history":[{"count":1,"href":"https:\/\/ntelligent.de\/index.php?rest_route=\/wp\/v2\/pages\/2\/revisions"}],"predecessor-version":[{"id":9,"href":"https:\/\/ntelligent.de\/index.php?rest_route=\/wp\/v2\/pages\/2\/revisions\/9"}],"wp:attachment":[{"href":"https:\/\/ntelligent.de\/index.php?rest_route=%2Fwp%2Fv2%2Fmedia&parent=2"}],"curies":[{"name":"wp","href":"https:\/\/api.w.org\/{rel}","templated":true}]}}